{"id":285693,"date":"2025-02-11T18:50:34","date_gmt":"2025-02-11T08:20:34","guid":{"rendered":"https:\/\/westbc.eu\/sk\/?post_type=product&#038;p=285693"},"modified":"2025-11-14T05:38:32","modified_gmt":"2025-11-13T19:08:32","slug":"cylinder-cortellezzi-primo-117f-30x40-key-knob-starozitne-zelezo","status":"publish","type":"product","link":"https:\/\/westbc.eu\/sk\/product\/cylinder-cortellezzi-primo-117f-30x40-key-knob-starozitne-zelezo\/","title":{"rendered":"Cylinder Cortellezzi Primo 117F 30&#215;40 key\/ knob Staro\u017eitn\u00e9 \u017eelezo"},"content":{"rendered":"","protected":false},"excerpt":{"rendered":"","protected":false},"featured_media":284871,"template":"","meta":{"inline_featured_image":false,"pgc_sgb_lightbox_settings":""},"product_cat":[5664],"product_tag":[],"acf":[],"_links":{"self":[{"href":"https:\/\/westbc.eu\/sk\/wp-json\/wp\/v2\/product\/285693"}],"collection":[{"href":"https:\/\/westbc.eu\/sk\/wp-json\/wp\/v2\/product"}],"about":[{"href":"https:\/\/westbc.eu\/sk\/wp-json\/wp\/v2\/types\/product"}],"wp:featuredmedia":[{"embeddable":true,"href":"https:\/\/westbc.eu\/sk\/wp-json\/wp\/v2\/media\/284871"}],"wp:attachment":[{"href":"https:\/\/westbc.eu\/sk\/wp-json\/wp\/v2\/media?parent=285693"}],"wp:term":[{"taxonomy":"product_cat","embeddable":true,"href":"https:\/\/westbc.eu\/sk\/wp-json\/wp\/v2\/product_cat?post=285693"},{"taxonomy":"product_tag","embeddable":true,"href":"https:\/\/westbc.eu\/sk\/wp-json\/wp\/v2\/product_tag?post=285693"}],"curies":[{"name":"wp","href":"https:\/\/api.w.org\/{rel}","templated":true}]}}