{"id":285675,"date":"2025-02-11T18:50:25","date_gmt":"2025-02-11T08:20:25","guid":{"rendered":"https:\/\/westbc.eu\/sk\/?post_type=product&#038;p=285675"},"modified":"2025-11-14T05:38:31","modified_gmt":"2025-11-13T19:08:31","slug":"cylinder-cortellezzi-primo-116-35x35-key-key-lesteny-chrom","status":"publish","type":"product","link":"https:\/\/westbc.eu\/sk\/product\/cylinder-cortellezzi-primo-116-35x35-key-key-lesteny-chrom\/","title":{"rendered":"Cylinder Cortellezzi Primo 116 35&#215;35 key\/ key Le\u0161ten\u00fd chr\u00f3m"},"content":{"rendered":"","protected":false},"excerpt":{"rendered":"","protected":false},"featured_media":284930,"template":"","meta":{"inline_featured_image":false,"pgc_sgb_lightbox_settings":""},"product_cat":[5664],"product_tag":[],"acf":[],"_links":{"self":[{"href":"https:\/\/westbc.eu\/sk\/wp-json\/wp\/v2\/product\/285675"}],"collection":[{"href":"https:\/\/westbc.eu\/sk\/wp-json\/wp\/v2\/product"}],"about":[{"href":"https:\/\/westbc.eu\/sk\/wp-json\/wp\/v2\/types\/product"}],"wp:featuredmedia":[{"embeddable":true,"href":"https:\/\/westbc.eu\/sk\/wp-json\/wp\/v2\/media\/284930"}],"wp:attachment":[{"href":"https:\/\/westbc.eu\/sk\/wp-json\/wp\/v2\/media?parent=285675"}],"wp:term":[{"taxonomy":"product_cat","embeddable":true,"href":"https:\/\/westbc.eu\/sk\/wp-json\/wp\/v2\/product_cat?post=285675"},{"taxonomy":"product_tag","embeddable":true,"href":"https:\/\/westbc.eu\/sk\/wp-json\/wp\/v2\/product_tag?post=285675"}],"curies":[{"name":"wp","href":"https:\/\/api.w.org\/{rel}","templated":true}]}}