{"id":285594,"date":"2025-02-11T18:50:04","date_gmt":"2025-02-11T08:20:04","guid":{"rendered":"https:\/\/westbc.eu\/sk\/?post_type=product&#038;p=285594"},"modified":"2025-11-13T22:23:10","modified_gmt":"2025-11-13T11:53:10","slug":"overlay-key-lesteny-chrom-9","status":"publish","type":"product","link":"https:\/\/westbc.eu\/sk\/product\/overlay-key-lesteny-chrom-9\/","title":{"rendered":"Overlay key Le\u0161ten\u00fd chr\u00f3m"},"content":{"rendered":"","protected":false},"excerpt":{"rendered":"","protected":false},"featured_media":284957,"template":"","meta":{"inline_featured_image":false,"pgc_sgb_lightbox_settings":""},"product_cat":[5654],"product_tag":[],"acf":[],"_links":{"self":[{"href":"https:\/\/westbc.eu\/sk\/wp-json\/wp\/v2\/product\/285594"}],"collection":[{"href":"https:\/\/westbc.eu\/sk\/wp-json\/wp\/v2\/product"}],"about":[{"href":"https:\/\/westbc.eu\/sk\/wp-json\/wp\/v2\/types\/product"}],"wp:featuredmedia":[{"embeddable":true,"href":"https:\/\/westbc.eu\/sk\/wp-json\/wp\/v2\/media\/284957"}],"wp:attachment":[{"href":"https:\/\/westbc.eu\/sk\/wp-json\/wp\/v2\/media?parent=285594"}],"wp:term":[{"taxonomy":"product_cat","embeddable":true,"href":"https:\/\/westbc.eu\/sk\/wp-json\/wp\/v2\/product_cat?post=285594"},{"taxonomy":"product_tag","embeddable":true,"href":"https:\/\/westbc.eu\/sk\/wp-json\/wp\/v2\/product_tag?post=285594"}],"curies":[{"name":"wp","href":"https:\/\/api.w.org\/{rel}","templated":true}]}}