{"id":285439,"date":"2025-02-11T18:49:09","date_gmt":"2025-02-11T08:19:09","guid":{"rendered":"https:\/\/westbc.eu\/sk\/?post_type=product&#038;p=285439"},"modified":"2025-11-13T22:22:50","modified_gmt":"2025-11-13T11:52:50","slug":"overlay-wc-lesteny-chrom","status":"publish","type":"product","link":"https:\/\/westbc.eu\/sk\/product\/overlay-wc-lesteny-chrom\/","title":{"rendered":"Overlay WC Le\u0161ten\u00fd chr\u00f3m"},"content":{"rendered":"","protected":false},"excerpt":{"rendered":"","protected":false},"featured_media":285026,"template":"","meta":{"inline_featured_image":false,"pgc_sgb_lightbox_settings":""},"product_cat":[5654],"product_tag":[],"acf":[],"_links":{"self":[{"href":"https:\/\/westbc.eu\/sk\/wp-json\/wp\/v2\/product\/285439"}],"collection":[{"href":"https:\/\/westbc.eu\/sk\/wp-json\/wp\/v2\/product"}],"about":[{"href":"https:\/\/westbc.eu\/sk\/wp-json\/wp\/v2\/types\/product"}],"wp:featuredmedia":[{"embeddable":true,"href":"https:\/\/westbc.eu\/sk\/wp-json\/wp\/v2\/media\/285026"}],"wp:attachment":[{"href":"https:\/\/westbc.eu\/sk\/wp-json\/wp\/v2\/media?parent=285439"}],"wp:term":[{"taxonomy":"product_cat","embeddable":true,"href":"https:\/\/westbc.eu\/sk\/wp-json\/wp\/v2\/product_cat?post=285439"},{"taxonomy":"product_tag","embeddable":true,"href":"https:\/\/westbc.eu\/sk\/wp-json\/wp\/v2\/product_tag?post=285439"}],"curies":[{"name":"wp","href":"https:\/\/api.w.org\/{rel}","templated":true}]}}