{"id":285406,"date":"2025-02-11T18:48:59","date_gmt":"2025-02-11T08:18:59","guid":{"rendered":"https:\/\/westbc.eu\/sk\/?post_type=product&#038;p=285406"},"modified":"2025-11-14T05:38:21","modified_gmt":"2025-11-13T19:08:21","slug":"comit-handle-lucy-q-rosette-6-mm-lesteny-chrom-2","status":"publish","type":"product","link":"https:\/\/westbc.eu\/sk\/product\/comit-handle-lucy-q-rosette-6-mm-lesteny-chrom-2\/","title":{"rendered":"Comit Handle Lucy Q  (rosette 6 mm) Le\u0161ten\u00fd chr\u00f3m"},"content":{"rendered":"","protected":false},"excerpt":{"rendered":"","protected":false},"featured_media":284969,"template":"","meta":{"inline_featured_image":false,"pgc_sgb_lightbox_settings":""},"product_cat":[5652],"product_tag":[],"acf":[],"_links":{"self":[{"href":"https:\/\/westbc.eu\/sk\/wp-json\/wp\/v2\/product\/285406"}],"collection":[{"href":"https:\/\/westbc.eu\/sk\/wp-json\/wp\/v2\/product"}],"about":[{"href":"https:\/\/westbc.eu\/sk\/wp-json\/wp\/v2\/types\/product"}],"wp:featuredmedia":[{"embeddable":true,"href":"https:\/\/westbc.eu\/sk\/wp-json\/wp\/v2\/media\/284969"}],"wp:attachment":[{"href":"https:\/\/westbc.eu\/sk\/wp-json\/wp\/v2\/media?parent=285406"}],"wp:term":[{"taxonomy":"product_cat","embeddable":true,"href":"https:\/\/westbc.eu\/sk\/wp-json\/wp\/v2\/product_cat?post=285406"},{"taxonomy":"product_tag","embeddable":true,"href":"https:\/\/westbc.eu\/sk\/wp-json\/wp\/v2\/product_tag?post=285406"}],"curies":[{"name":"wp","href":"https:\/\/api.w.org\/{rel}","templated":true}]}}