{"id":285388,"date":"2025-02-11T18:48:57","date_gmt":"2025-02-11T08:18:57","guid":{"rendered":"https:\/\/westbc.eu\/sk\/?post_type=product&#038;p=285388"},"modified":"2025-11-14T05:38:19","modified_gmt":"2025-11-13T19:08:19","slug":"rda-handle-polo-rosette-6mm-lesteny-chrom","status":"publish","type":"product","link":"https:\/\/westbc.eu\/sk\/product\/rda-handle-polo-rosette-6mm-lesteny-chrom\/","title":{"rendered":"RDA Handle POLO  (rosette 6mm) Le\u0161ten\u00fd chr\u00f3m"},"content":{"rendered":"","protected":false},"excerpt":{"rendered":"","protected":false},"featured_media":284961,"template":"","meta":{"inline_featured_image":false,"pgc_sgb_lightbox_settings":""},"product_cat":[5652],"product_tag":[],"acf":[],"_links":{"self":[{"href":"https:\/\/westbc.eu\/sk\/wp-json\/wp\/v2\/product\/285388"}],"collection":[{"href":"https:\/\/westbc.eu\/sk\/wp-json\/wp\/v2\/product"}],"about":[{"href":"https:\/\/westbc.eu\/sk\/wp-json\/wp\/v2\/types\/product"}],"wp:featuredmedia":[{"embeddable":true,"href":"https:\/\/westbc.eu\/sk\/wp-json\/wp\/v2\/media\/284961"}],"wp:attachment":[{"href":"https:\/\/westbc.eu\/sk\/wp-json\/wp\/v2\/media?parent=285388"}],"wp:term":[{"taxonomy":"product_cat","embeddable":true,"href":"https:\/\/westbc.eu\/sk\/wp-json\/wp\/v2\/product_cat?post=285388"},{"taxonomy":"product_tag","embeddable":true,"href":"https:\/\/westbc.eu\/sk\/wp-json\/wp\/v2\/product_tag?post=285388"}],"curies":[{"name":"wp","href":"https:\/\/api.w.org\/{rel}","templated":true}]}}