{"id":74,"date":"2018-05-22T11:48:55","date_gmt":"2018-05-22T11:48:55","guid":{"rendered":"http:\/\/polyserv.com.ua\/?page_id=74"},"modified":"2025-11-27T18:20:33","modified_gmt":"2025-11-27T07:50:33","slug":"spolupraca","status":"publish","type":"page","link":"https:\/\/westbc.eu\/sk\/spolupraca\/","title":{"rendered":"Spolupr\u00e1ca"},"content":{"rendered":"\n<p style=\"font-size:16px\">V portf\u00f3liu spolo\u010dnosti s\u00fa kvalitn\u00e9 v\u00fdrobky t\u00fdchto zn\u00e1mych zna\u010diek: <strong>Comeo Porte,<\/strong> <strong>Colombo<\/strong>&nbsp;<strong>Design<\/strong>,&nbsp;<strong>Fimet<\/strong>,<strong> Protect, Convex, Comit, Cortellezzi Primo, Geze, Buonelle, Bruno Lock, RDA<\/strong>. \u0160irok\u00e1 ponuka v\u00fdrobkov umo\u017e\u0148uje vybra\u0165 si v\u00fdrobky pod\u013ea po\u017eadovan\u00fdch \u0161pecifik\u00e1ci\u00ed, farby a \u0161t\u00fdlu.<\/p>\n\n\n\n<p style=\"font-size:16px\">Vieme, \u017ee \u00faspech projektov z\u00e1vis\u00ed od kvality produktov a spo\u013eahlivosti dod\u00e1vate\u013ea, preto zoh\u013ead\u0148ujeme v\u0161etky po\u017eiadavky a priania v\u0161etk\u00fdch na\u0161ich z\u00e1kazn\u00edkov a pon\u00fakame premyslen\u00e9 rie\u0161enia.<\/p>\n\n\n\n<p class=\"has-medium-font-size\"><strong>Spolupr\u00e1ca<\/strong><\/p>\n\n\n\n<p style=\"font-size:16px\">Spolo\u010dnos\u0165 &#8220;WEST BUSINESS COMPANY&#8221; je v\u017edy otvoren\u00e1 partnerstvu a rada spolupracuje s v\u00fdrobcami, predajcami, ve\u013ekoobchodn\u00edkmi a internetov\u00fdmi obchodmi na celom svete.<\/p>\n\n\n\n<p style=\"font-size:16px\">Pon\u00fakame:<\/p>\n\n\n\n<ul style=\"font-size:16px\"><li>Najv\u00fdhodnej\u0161ie podmienky spolupr\u00e1ce<\/li><li>Marketingov\u00e1 podpora<\/li><li>V\u00fdstavn\u00e9 st\u00e1nky a tla\u010den\u00e9 materi\u00e1ly<\/li><li>\u0160koliace semin\u00e1re pre \u00faspe\u0161n\u00fd predaj produktov<\/li><li>Pravideln\u00e9 propaga\u010dn\u00e9 akcie.<\/li><\/ul>\n\n\n\n<p style=\"font-size:16px\">Spolu s nami bude va\u0161a pr\u00e1ca jednoduch\u0161ia a v\u00fdsledky bud\u00fa skuto\u010dne p\u00f4sobiv\u00e9. Neodkladajte \u00faspech na zajtra &#8211; kontaktujte n\u00e1s e\u0161te dnes, aby ste dostali osobn\u00fa ponuku a urobili sebavedom\u00fd krok smerom k rozvoju!<\/p>\n","protected":false},"excerpt":{"rendered":"<p>V portf\u00f3liu spolo\u010dnosti s\u00fa kvalitn\u00e9 v\u00fdrobky t\u00fdchto zn\u00e1mych zna\u010diek: Comeo Porte, Colombo&nbsp;Design,&nbsp;Fimet, Protect, Convex, Comit, Cortellezzi Primo, Geze, Buonelle, Bruno Lock, RDA. \u0160irok\u00e1 ponuka v\u00fdrobkov umo\u017e\u0148uje vybra\u0165 si v\u00fdrobky pod\u013ea po\u017eadovan\u00fdch \u0161pecifik\u00e1ci\u00ed, farby a \u0161t\u00fdlu. Vieme, \u017ee \u00faspech projektov z\u00e1vis\u00ed od kvality produktov a spo\u013eahlivosti dod\u00e1vate\u013ea, preto zoh\u013ead\u0148ujeme v\u0161etky po\u017eiadavky a priania v\u0161etk\u00fdch na\u0161ich z\u00e1kazn\u00edkov [&hellip;]<\/p>\n","protected":false},"author":1,"featured_media":286599,"parent":0,"menu_order":0,"comment_status":"closed","ping_status":"closed","template":"","meta":{"inline_featured_image":false,"pgc_sgb_lightbox_settings":""},"acf":[],"_links":{"self":[{"href":"https:\/\/westbc.eu\/sk\/wp-json\/wp\/v2\/pages\/74"}],"collection":[{"href":"https:\/\/westbc.eu\/sk\/wp-json\/wp\/v2\/pages"}],"about":[{"href":"https:\/\/westbc.eu\/sk\/wp-json\/wp\/v2\/types\/page"}],"author":[{"embeddable":true,"href":"https:\/\/westbc.eu\/sk\/wp-json\/wp\/v2\/users\/1"}],"replies":[{"embeddable":true,"href":"https:\/\/westbc.eu\/sk\/wp-json\/wp\/v2\/comments?post=74"}],"version-history":[{"count":12,"href":"https:\/\/westbc.eu\/sk\/wp-json\/wp\/v2\/pages\/74\/revisions"}],"predecessor-version":[{"id":286601,"href":"https:\/\/westbc.eu\/sk\/wp-json\/wp\/v2\/pages\/74\/revisions\/286601"}],"wp:featuredmedia":[{"embeddable":true,"href":"https:\/\/westbc.eu\/sk\/wp-json\/wp\/v2\/media\/286599"}],"wp:attachment":[{"href":"https:\/\/westbc.eu\/sk\/wp-json\/wp\/v2\/media?parent=74"}],"curies":[{"name":"wp","href":"https:\/\/api.w.org\/{rel}","templated":true}]}}