{"id":241341,"date":"2020-02-17T21:14:13","date_gmt":"2020-02-17T19:14:13","guid":{"rendered":"https:\/\/polyserv.com.ua\/?page_id=241341"},"modified":"2025-09-19T23:20:11","modified_gmt":"2025-09-19T13:50:11","slug":"o-nasej-spolocnosti","status":"publish","type":"page","link":"https:\/\/westbc.eu\/sk\/o-nasej-spolocnosti\/","title":{"rendered":"O na\u0161ej spolo\u010dnosti"},"content":{"rendered":"\t\t<div data-elementor-type=\"wp-page\" data-elementor-id=\"241341\" class=\"elementor elementor-241341\">\n\t\t\t\t\t\t<section class=\"elementor-section elementor-top-section elementor-element elementor-element-2e616d77 elementor-section-boxed elementor-section-height-default elementor-section-height-default\" data-id=\"2e616d77\" data-element_type=\"section\">\n\t\t\t\t\t\t<div class=\"elementor-container elementor-column-gap-default\">\n\t\t\t\t\t<div class=\"elementor-column elementor-col-100 elementor-top-column elementor-element elementor-element-d34e632\" data-id=\"d34e632\" data-element_type=\"column\">\n\t\t\t<div class=\"elementor-widget-wrap elementor-element-populated\">\n\t\t\t\t\t\t<div class=\"elementor-element elementor-element-7e6cac elementor-widget elementor-widget-text-editor\" data-id=\"7e6cac\" data-element_type=\"widget\" data-widget_type=\"text-editor.default\">\n\t\t\t\t<div class=\"elementor-widget-container\">\n\t\t\t\t\t\t\t<p><a href=\"https:\/\/westbc.eu\/sk\/wp-content\/uploads\/2025\/09\/Foto-2-scaled.jpg\"><img fetchpriority=\"high\" class=\"alignnone size-full wp-image-271891\" src=\"https:\/\/westbc.eu\/sk\/wp-content\/uploads\/2025\/09\/Foto-2-scaled.jpg\" alt=\"\" width=\"2560\" height=\"1707\" \/><\/a><\/p>\n<div class=\"wp-block-group\">\n<figure class=\"wp-block-gallery has-nested-images columns-default is-cropped\">\n<figure class=\"wp-block-image size-large\"><\/figure>\n<p><!-- \/wp:image --><\/p>\n<\/figure>\n<p><!-- \/wp:gallery -->\n\n<!-- wp:paragraph {\"align\":\"left\",\"style\":{\"typography\":{\"fontSize\":\"16px\"}}} --><\/p>\n<p class=\"has-text-align-left\" style=\"font-size: 16px;\"><strong>Spolo\u010dnos\u0165<\/strong> &#8220;WEST BUSINESS COMPANY&#8221; za\u010dala svoju cestu h\u013eadan\u00edm kvalitn\u00fdch a odv\u00e1\u017enych experimentov, \u00faspe\u0161n\u00fdch obchodn\u00fdch rie\u0161en\u00ed a starostlivo vybran\u00e9ho sortimentu v\u00fdrobkov. S hrdos\u0165ou m\u00f4\u017eeme poveda\u0165, \u017ee sme vytvorili portf\u00f3lio siln\u00fdch zna\u010diek a neopomenuli sme \u017eiadnu technol\u00f3giu, ktor\u00e1 sa stala trendom na desa\u0165ro\u010dia.<\/p>\n<p><!-- \/wp:paragraph -->\n\n<!-- wp:paragraph {\"style\":{\"typography\":{\"fontSize\":\"16px\"}}} --><!-- \/wp:paragraph --><\/p>\n<\/div>\n<p><!-- \/wp:group -->\n\n<!-- wp:separator {\"backgroundColor\":\"vivid-red\"} --><\/p>\n<hr class=\"wp-block-separator has-text-color has-vivid-red-color has-alpha-channel-opacity has-vivid-red-background-color has-background\" \/>\n<p><!-- \/wp:separator -->\n\n<!-- wp:columns --><\/p>\n<div class=\"wp-block-columns\">\n<p><!-- wp:column {\"width\":\"100%\"} --><\/p>\n<div class=\"wp-block-column\" style=\"flex-basis: 100%;\">\n<p><!-- wp:quote {\"style\":{\"typography\":{\"fontSize\":\"16px\"}},\"className\":\"is-style-default\"} --><\/p>\n<blockquote class=\"wp-block-quote is-style-default\" style=\"font-size: 16px;\">\n<p><strong>NA\u0160IM POSLAN\u00cdM<\/strong> je prin\u00e1\u0161a\u0165 eur\u00f3psku kvalitu a inovat\u00edvne technol\u00f3gie v oblasti dverov\u00e9ho kovania po celom svete.<\/p>\n<p><strong>NA\u0160OU HLAVNOU SILOU<\/strong> je n\u00e1\u0161 t\u00edm, v ktorom je KA\u017dD\u00dd pripraven\u00fd vynalo\u017ei\u0165 maxim\u00e1lne \u00fasilie na dosiahnutie \u010do najlep\u0161ieho v\u00fdsledku.<\/p>\n<\/blockquote>\n<p><!-- \/wp:quote --><\/p>\n<\/div>\n<p><!-- \/wp:column --><\/p>\n<\/div>\n<p><!-- \/wp:columns -->\n\n<!-- wp:separator {\"backgroundColor\":\"vivid-red\"} --><\/p>\n<hr class=\"wp-block-separator has-text-color has-vivid-red-color has-alpha-channel-opacity has-vivid-red-background-color has-background\" \/>\n<p><!-- \/wp:separator -->\n\n<!-- wp:paragraph {\"style\":{\"typography\":{\"fontSize\":\"16px\"}}} --><\/p>\n<p style=\"font-size: 16px;\">West Business Company je profesion\u00e1lny dod\u00e1vate\u013e pr\u00e9miov\u00fdch interi\u00e9rov\u00fdch dver\u00ed a kovania, ktor\u00fd pon\u00faka exkluz\u00edvne rie\u0161enia pre interi\u00e9rov\u00fdch dizajn\u00e9rov, architektov, stavebn\u00e9 a developersk\u00e9 spolo\u010dnosti, ako aj predajcov a distrib\u00fatorov. Poskytujeme \u0161t\u00fdl, spo\u013eahlivos\u0165 a kvalitu, pom\u00e1hame realizova\u0165 projekty, ktor\u00e9 sp\u013a\u0148aj\u00fa najvy\u0161\u0161ie \u0161tandardy.<\/p>\n<p><!-- \/wp:paragraph -->\n\n<!-- wp:paragraph {\"style\":{\"typography\":{\"fontSize\":\"16px\"}}} --><!-- \/wp:paragraph -->\n\n<!-- wp:paragraph {\"style\":{\"typography\":{\"fontSize\":\"16px\"}}} --><!-- \/wp:paragraph -->\n\n<!-- wp:media-text {\"mediaId\":271629,\"mediaLink\":\"https:\/\/westbc.eu\/sk\/o-kompanii-2\/23-01\/\",\"mediaType\":\"image\",\"mediaWidth\":41} --><\/p>\n<div class=\"wp-block-media-text alignwide is-stacked-on-mobile\" style=\"grid-template-columns: 41% auto;\">\n<figure class=\"wp-block-media-text__media\"><img width=\"812\" height=\"1024\" class=\"wp-image-271629 size-full\" src=\"https:\/\/westbc.eu\/sk\/wp-content\/uploads\/2022\/07\/23-01-812x1024.jpg\" alt=\"\" srcset=\"https:\/\/westbc.eu\/sk\/wp-content\/uploads\/2022\/07\/23-01-812x1024.jpg 812w, https:\/\/westbc.eu\/sk\/wp-content\/uploads\/2022\/07\/23-01-238x300.jpg 238w, https:\/\/westbc.eu\/sk\/wp-content\/uploads\/2022\/07\/23-01-768x969.jpg 768w, https:\/\/westbc.eu\/sk\/wp-content\/uploads\/2022\/07\/23-01-1218x1536.jpg 1218w, https:\/\/westbc.eu\/sk\/wp-content\/uploads\/2022\/07\/23-01-58x72.jpg 58w, https:\/\/westbc.eu\/sk\/wp-content\/uploads\/2022\/07\/23-01-262x330.jpg 262w, https:\/\/westbc.eu\/sk\/wp-content\/uploads\/2022\/07\/23-01-555x700.jpg 555w, https:\/\/westbc.eu\/sk\/wp-content\/uploads\/2022\/07\/23-01.jpg 1305w\" sizes=\"(max-width: 812px) 100vw, 812px\" \/><\/figure>\n<div class=\"wp-block-media-text__content\">\n<p><!-- wp:image {\"id\":271633,\"width\":344,\"height\":229,\"sizeSlug\":\"large\",\"linkDestination\":\"media\"} --><\/p>\n<figure class=\"wp-block-image size-large is-resized\"><a href=\"https:\/\/westbc.eu\/sk\/wp-content\/uploads\/2022\/07\/25-01-1.jpg\"><img class=\"wp-image-271633\" src=\"https:\/\/westbc.eu\/sk\/wp-content\/uploads\/2022\/07\/25-01-1-1024x684.jpg\" alt=\"\" width=\"344\" height=\"229\" srcset=\"https:\/\/westbc.eu\/sk\/wp-content\/uploads\/2022\/07\/25-01-1-1024x684.jpg 1024w, https:\/\/westbc.eu\/sk\/wp-content\/uploads\/2022\/07\/25-01-1-300x200.jpg 300w, https:\/\/westbc.eu\/sk\/wp-content\/uploads\/2022\/07\/25-01-1-768x513.jpg 768w, https:\/\/westbc.eu\/sk\/wp-content\/uploads\/2022\/07\/25-01-1-1536x1026.jpg 1536w, https:\/\/westbc.eu\/sk\/wp-content\/uploads\/2022\/07\/25-01-1-2048x1369.jpg 2048w, https:\/\/westbc.eu\/sk\/wp-content\/uploads\/2022\/07\/25-01-1-750x500.jpg 750w, https:\/\/westbc.eu\/sk\/wp-content\/uploads\/2022\/07\/25-01-1-262x175.jpg 262w, https:\/\/westbc.eu\/sk\/wp-content\/uploads\/2022\/07\/25-01-1-555x371.jpg 555w\" sizes=\"(max-width: 344px) 100vw, 344px\" \/><\/a><\/figure>\n<p><!-- \/wp:image -->\n\n<!-- wp:paragraph {\"placeholder\":\"\u0421\u043e\u0434\u0435\u0440\u0436\u0438\u043c\u043e\u0435...\",\"style\":{\"typography\":{\"fontSize\":\"16px\"}}} --><\/p>\n<p style=\"font-size: 16px;\">Portf\u00f3lio spolo\u010dnosti zah\u0155\u0148a vysokokvalitn\u00e9 produkty od tak\u00fdch zn\u00e1mych zna\u010diek: <strong>Comeo Porte,<\/strong> <strong>Colombo, Fimet, Protect, Convex, Comit, Cortellezzi Primo, Geze, Buonelle, Bruno Lock, RDA.<\/strong><\/p>\n<p>&nbsp;<\/p>\n<\/div>\n<\/div>\n<p><!-- \/wp:paragraph -->\n\n<!-- wp:separator {\"backgroundColor\":\"vivid-red\"} --><\/p>\n<hr class=\"wp-block-separator has-text-color has-vivid-red-color has-alpha-channel-opacity has-vivid-red-background-color has-background\" \/>\n<p><!-- \/wp:separator -->\n\n<!-- wp:group {\"layout\":{\"type\":\"flex\",\"flexWrap\":\"nowrap\"}} --><\/p>\n<div class=\"wp-block-group\">\n<p><!-- wp:paragraph {\"align\":\"left\",\"style\":{\"typography\":{\"fontSize\":\"16px\"}}} --><\/p>\n<p class=\"has-text-align-left\" style=\"font-size: 16px;\">Ka\u017edoro\u010dne sa z\u00fa\u010dast\u0148ujeme na mnoh\u00fdch \u0161pecializovan\u00fdch v\u00fdstav\u00e1ch po celom svete. Na\u0161i zamestnanci ka\u017ed\u00fd de\u0148 pracuj\u00fa na propag\u00e1cii zna\u010diek a ochrann\u00fdch zn\u00e1mok spolo\u010dnosti, robia prezent\u00e1cie a zdie\u013eaj\u00fa svoje vedomosti so z\u00e1stupcami na\u0161ich partnerov, pri\u010dom jasne demon\u0161truj\u00fa konkuren\u010dn\u00e9 v\u00fdhody, technick\u00e9 vlastnosti a v\u00fdhody.<\/p>\n<p><!-- \/wp:paragraph -->\n\n<!-- wp:paragraph {\"align\":\"left\",\"style\":{\"typography\":{\"fontSize\":\"16px\"}}} --><\/p>\n<p class=\"has-text-align-left\" style=\"font-size: 16px;\"><strong>MODERN\u00c9 SKLADOV\u00c9 KOMPLEXY<\/strong> s automatizovan\u00fdmi procesmi, spolo\u010dn\u00fdm pl\u00e1novan\u00edm a vlastnou logistikou zaru\u010duj\u00fa na\u0161im z\u00e1kazn\u00edkom v\u010dasn\u00e9 dod\u00e1vky. A orient\u00e1cia na z\u00e1kazn\u00edka, ako snaha prekona\u0165 jeho o\u010dak\u00e1vania, sa stala na\u0161ou firemnou kult\u00farou.<\/p>\n<p><!-- \/wp:paragraph --><\/p>\n<\/div>\n<p><!-- \/wp:group -->\n\n<!-- wp:separator {\"backgroundColor\":\"vivid-red\"} --><\/p>\n<hr class=\"wp-block-separator has-text-color has-vivid-red-color has-alpha-channel-opacity has-vivid-red-background-color has-background\" \/>\n<p><!-- \/wp:separator -->\n\n<!-- wp:paragraph {\"style\":{\"typography\":{\"fontSize\":\"16px\"}}} --><\/p>\n<p style=\"font-size: 16px;\">Te\u0161\u00ed n\u00e1s, \u017ee ke\u010f sme sa stretli na ceste k zlep\u0161eniu produktu, vytvorili sme nov\u00e9 mo\u017enosti, pri\u010dom sme vyu\u017eili vysok\u00e9 medzin\u00e1rodn\u00e9 \u0161tandardy, inovat\u00edvne rie\u0161enia, ako aj najlep\u0161ie svetov\u00e9 sk\u00fasenosti s integr\u00e1ciou kovania najlep\u0161\u00edch eur\u00f3pskych zna\u010diek do ka\u017edej dom\u00e1cnosti.<\/p>\n<p><!-- \/wp:paragraph -->\n\n<!-- wp:paragraph {\"align\":\"center\",\"fontSize\":\"medium\"} --><\/p>\n<p class=\"has-text-align-center has-medium-font-size\"><strong>SME NA ROVNAKEJ CESTE A MEN\u00cdME SA, ABY SME VYHRALI!<\/strong><\/p>\n<p><!-- \/wp:paragraph --><\/p>\t\t\t\t\t\t<\/div>\n\t\t\t\t<\/div>\n\t\t\t\t\t<\/div>\n\t\t<\/div>\n\t\t\t\t\t<\/div>\n\t\t<\/section>\n\t\t\t\t<\/div>\n\t\t","protected":false},"excerpt":{"rendered":"<p>Spolo\u010dnos\u0165 &#8220;WEST BUSINESS COMPANY&#8221; za\u010dala svoju cestu h\u013eadan\u00edm kvalitn\u00fdch a odv\u00e1\u017enych experimentov, \u00faspe\u0161n\u00fdch obchodn\u00fdch rie\u0161en\u00ed a starostlivo vybran\u00e9ho sortimentu v\u00fdrobkov. S hrdos\u0165ou m\u00f4\u017eeme poveda\u0165, \u017ee sme vytvorili portf\u00f3lio siln\u00fdch zna\u010diek a neopomenuli sme \u017eiadnu technol\u00f3giu, ktor\u00e1 sa stala trendom na desa\u0165ro\u010dia. NA\u0160IM POSLAN\u00cdM je prin\u00e1\u0161a\u0165 eur\u00f3psku kvalitu a inovat\u00edvne technol\u00f3gie v oblasti dverov\u00e9ho kovania po [&hellip;]<\/p>\n","protected":false},"author":2,"featured_media":0,"parent":0,"menu_order":0,"comment_status":"closed","ping_status":"closed","template":"","meta":{"inline_featured_image":false,"pgc_sgb_lightbox_settings":""},"acf":[],"_links":{"self":[{"href":"https:\/\/westbc.eu\/sk\/wp-json\/wp\/v2\/pages\/241341"}],"collection":[{"href":"https:\/\/westbc.eu\/sk\/wp-json\/wp\/v2\/pages"}],"about":[{"href":"https:\/\/westbc.eu\/sk\/wp-json\/wp\/v2\/types\/page"}],"author":[{"embeddable":true,"href":"https:\/\/westbc.eu\/sk\/wp-json\/wp\/v2\/users\/2"}],"replies":[{"embeddable":true,"href":"https:\/\/westbc.eu\/sk\/wp-json\/wp\/v2\/comments?post=241341"}],"version-history":[{"count":32,"href":"https:\/\/westbc.eu\/sk\/wp-json\/wp\/v2\/pages\/241341\/revisions"}],"predecessor-version":[{"id":286579,"href":"https:\/\/westbc.eu\/sk\/wp-json\/wp\/v2\/pages\/241341\/revisions\/286579"}],"wp:attachment":[{"href":"https:\/\/westbc.eu\/sk\/wp-json\/wp\/v2\/media?parent=241341"}],"curies":[{"name":"wp","href":"https:\/\/api.w.org\/{rel}","templated":true}]}}