{"id":74,"date":"2018-05-22T11:48:55","date_gmt":"2018-05-22T11:48:55","guid":{"rendered":"http:\/\/polyserv.com.ua\/?page_id=74"},"modified":"2025-11-27T18:20:49","modified_gmt":"2025-11-27T07:50:49","slug":"cooperation","status":"publish","type":"page","link":"https:\/\/westbc.eu\/ro\/cooperation\/","title":{"rendered":"COOPERARE"},"content":{"rendered":"\n<p style=\"font-size:16px\">Portofoliul companiei include produse de calitate de la m\u0103rci renumite precum: <strong>Comeo Porte, Colombo Design, Protect, Convex, Comit, Cortellezzi Primo, Geze, Buonelle, Bruno Lock, RDA.<\/strong> O gam\u0103 larg\u0103 de produse v\u0103 permite s\u0103 alege\u021bi produse \u00een func\u021bie de specifica\u021biile, culoarea \u0219i stilul dorite.<\/p>\n\n\n\n<p style=\"font-size:16px\">\u0218tim c\u0103 succesul proiectelor depinde de calitatea produselor \u0219i de fiabilitatea furnizorului, a\u0219a c\u0103 lu\u0103m \u00een considerare toate cerin\u021bele \u0219i dorin\u021bele tuturor clien\u021bilor no\u0219tri \u0219i oferim solu\u021bii bine g\u00e2ndite.<\/p>\n\n\n\n<p class=\"has-medium-font-size\"><strong>Parteneriat<\/strong><\/p>\n\n\n\n<p style=\"font-size:16px\">Compania \u00abWEST BUSINESS COMPANY\u00bb este \u00eentotdeauna deschis\u0103 parteneriatelor \u0219i este bucuroas\u0103 s\u0103 coopereze cu produc\u0103tori, dealeri, angrosi\u0219ti \u0219i magazine online din \u00eentreaga lume.<\/p>\n\n\n\n<p style=\"font-size:16px\">Noi oferim:<\/p>\n\n\n\n<ul style=\"font-size:16px\"><li>Cele mai favorabile condi\u021bii de cooperare<\/li><li>Suport de marketing<\/li><li>Standuri de expozi\u021bie \u0219i materiale tipografice<\/li><li>Seminarii de formare pentru v\u00e2nz\u0103ri de succes ale produselo<\/li><li>Promo\u021bii regulate<\/li><\/ul>\n\n\n\n<p style=\"font-size:16px\">\u00cempreun\u0103 cu noi, munca dumneavoastr\u0103 va deveni mai u\u0219oar\u0103, iar rezultatele vor fi cu adev\u0103rat impresionante. Nu am\u00e2na\u021bi succesul pentru m\u00e2ine &#8211; contacta\u021bi-ne ast\u0103zi pentru a primi o ofert\u0103 personal\u0103 \u0219i pentru a face un pas \u00eencrez\u0103tor spre dezvoltare!<\/p>\n","protected":false},"excerpt":{"rendered":"<p>Portofoliul companiei include produse de calitate de la m\u0103rci renumite precum: Comeo Porte, Colombo Design, Protect, Convex, Comit, Cortellezzi Primo, Geze, Buonelle, Bruno Lock, RDA. O gam\u0103 larg\u0103 de produse v\u0103 permite s\u0103 alege\u021bi produse \u00een func\u021bie de specifica\u021biile, culoarea \u0219i stilul dorite. \u0218tim c\u0103 succesul proiectelor depinde de calitatea produselor \u0219i de fiabilitatea furnizorului, [&hellip;]<\/p>\n","protected":false},"author":1,"featured_media":287859,"parent":0,"menu_order":0,"comment_status":"closed","ping_status":"closed","template":"","meta":{"inline_featured_image":false,"pgc_sgb_lightbox_settings":""},"acf":[],"_links":{"self":[{"href":"https:\/\/westbc.eu\/ro\/wp-json\/wp\/v2\/pages\/74"}],"collection":[{"href":"https:\/\/westbc.eu\/ro\/wp-json\/wp\/v2\/pages"}],"about":[{"href":"https:\/\/westbc.eu\/ro\/wp-json\/wp\/v2\/types\/page"}],"author":[{"embeddable":true,"href":"https:\/\/westbc.eu\/ro\/wp-json\/wp\/v2\/users\/1"}],"replies":[{"embeddable":true,"href":"https:\/\/westbc.eu\/ro\/wp-json\/wp\/v2\/comments?post=74"}],"version-history":[{"count":12,"href":"https:\/\/westbc.eu\/ro\/wp-json\/wp\/v2\/pages\/74\/revisions"}],"predecessor-version":[{"id":287842,"href":"https:\/\/westbc.eu\/ro\/wp-json\/wp\/v2\/pages\/74\/revisions\/287842"}],"wp:featuredmedia":[{"embeddable":true,"href":"https:\/\/westbc.eu\/ro\/wp-json\/wp\/v2\/media\/287859"}],"wp:attachment":[{"href":"https:\/\/westbc.eu\/ro\/wp-json\/wp\/v2\/media?parent=74"}],"curies":[{"name":"wp","href":"https:\/\/api.w.org\/{rel}","templated":true}]}}