{"id":241341,"date":"2020-02-17T21:14:13","date_gmt":"2020-02-17T19:14:13","guid":{"rendered":"https:\/\/polyserv.com.ua\/?page_id=241341"},"modified":"2025-09-19T23:16:12","modified_gmt":"2025-09-19T13:46:12","slug":"about-the-company","status":"publish","type":"page","link":"https:\/\/westbc.eu\/ro\/about-the-company\/","title":{"rendered":"DESPRE COMPANIE"},"content":{"rendered":"\t\t<div data-elementor-type=\"wp-page\" data-elementor-id=\"241341\" class=\"elementor elementor-241341\">\n\t\t\t\t\t\t<section class=\"elementor-section elementor-top-section elementor-element elementor-element-2e616d77 elementor-section-boxed elementor-section-height-default elementor-section-height-default\" data-id=\"2e616d77\" data-element_type=\"section\">\n\t\t\t\t\t\t<div class=\"elementor-container elementor-column-gap-default\">\n\t\t\t\t\t<div class=\"elementor-column elementor-col-100 elementor-top-column elementor-element elementor-element-d34e632\" data-id=\"d34e632\" data-element_type=\"column\">\n\t\t\t<div class=\"elementor-widget-wrap elementor-element-populated\">\n\t\t\t\t\t\t<div class=\"elementor-element elementor-element-7e6cac elementor-widget elementor-widget-text-editor\" data-id=\"7e6cac\" data-element_type=\"widget\" data-widget_type=\"text-editor.default\">\n\t\t\t\t<div class=\"elementor-widget-container\">\n\t\t\t\t\t\t\t<p><a href=\"https:\/\/westbc.eu\/ro\/wp-content\/uploads\/2023\/03\/Foto-12v-scaled.jpg\"><img fetchpriority=\"high\" class=\"alignnone size-full wp-image-271891\" src=\"https:\/\/westbc.eu\/ro\/wp-content\/uploads\/2025\/09\/Foto-2-scaled.jpg\" alt=\"\" width=\"2560\" height=\"1707\" \/><\/a><\/p>\n<div class=\"wp-block-group\">\n<figure class=\"wp-block-gallery has-nested-images columns-default is-cropped\">\n<figure class=\"wp-block-image size-large\"><\/figure>\n<p><!-- \/wp:image --><\/p>\n<\/figure>\n<p><!-- \/wp:gallery -->\n\n<!-- wp:paragraph {\"align\":\"left\",\"style\":{\"typography\":{\"fontSize\":\"16px\"}}} --><\/p>\n<p class=\"has-text-align-left\" style=\"font-size: 16px;\"><strong>Compania<\/strong> \u201eWEST BUSINESS COMPANY\u201d \u0219i-a \u00eenceput activitatea prin c\u0103utarea de experimente \u00eendr\u0103zne\u021be \u0219i de calitate, solu\u021bii de afaceri de succes \u0219i o gam\u0103 de produse atent selectat\u0103. Suntem m\u00e2ndri s\u0103 spunem c\u0103 am creat un portofoliu de m\u0103rci puternice \u0219i nu am l\u0103sat \u00een urm\u0103 nicio tehnologie care a devenit o tendin\u021b\u0103 timp de decenii.<\/p>\n<p><!-- \/wp:paragraph -->\n\n<!-- wp:paragraph {\"style\":{\"typography\":{\"fontSize\":\"16px\"}}} --><!-- \/wp:paragraph --><\/p>\n<\/div>\n<p><!-- \/wp:group -->\n\n<!-- wp:separator {\"backgroundColor\":\"vivid-red\"} --><\/p>\n<hr class=\"wp-block-separator has-text-color has-vivid-red-color has-alpha-channel-opacity has-vivid-red-background-color has-background\" \/>\n<p><!-- \/wp:separator -->\n\n<!-- wp:columns --><\/p>\n<div class=\"wp-block-columns\">\n<p><!-- wp:column {\"width\":\"100%\"} --><\/p>\n<div class=\"wp-block-column\" style=\"flex-basis: 100%;\">\n<p><!-- wp:quote {\"style\":{\"typography\":{\"fontSize\":\"16px\"}},\"className\":\"is-style-default\"} --><\/p>\n<blockquote class=\"wp-block-quote is-style-default\" style=\"font-size: 16px;\">\n<p><strong>MISIUNEA NOASTR\u0102<\/strong> este de a aduce calitate european\u0103 \u0219i tehnologii inovatoare \u00een industria feroneriei de u\u0219i la nivel mondial.<\/p>\n<p><strong>PRINCIPALUL NOSTRU PUNCT FORTE<\/strong> este echipa noastr\u0103, \u00een care FIECARE este gata s\u0103 depun\u0103 toate eforturile pentru a ob\u021bine cel mai bun rezultat.<\/p>\n<\/blockquote>\n<p><!-- \/wp:quote --><\/p>\n<\/div>\n<p><!-- \/wp:column --><\/p>\n<\/div>\n<p><!-- \/wp:columns -->\n\n<!-- wp:separator {\"backgroundColor\":\"vivid-red\"} --><\/p>\n<hr class=\"wp-block-separator has-text-color has-vivid-red-color has-alpha-channel-opacity has-vivid-red-background-color has-background\" \/>\n<p><!-- \/wp:separator -->\n\n<!-- wp:paragraph {\"style\":{\"typography\":{\"fontSize\":\"16px\"}}} --><\/p>\n<p style=\"font-size: 16px;\">West Business Company is a professional supplier of premium doors and door fittings offering exclusive solutions for interior designers, architects, construction and development companies, as well as dealers and distributors. We provide style, reliability and quality, helping to deliver projects that comply with the highest standards.<\/p>\n<p><!-- \/wp:paragraph -->\n\n<!-- wp:paragraph {\"style\":{\"typography\":{\"fontSize\":\"16px\"}}} --><!-- \/wp:paragraph -->\n\n<!-- wp:paragraph {\"style\":{\"typography\":{\"fontSize\":\"16px\"}}} --><!-- \/wp:paragraph -->\n\n<!-- wp:media-text {\"mediaId\":271629,\"mediaLink\":\"https:\/\/westbc.eu\/ro\/o-kompanii-2\/23-01\/\",\"mediaType\":\"image\",\"mediaWidth\":41} --><\/p>\n<div class=\"wp-block-media-text alignwide is-stacked-on-mobile\" style=\"grid-template-columns: 41% auto;\">\n<figure class=\"wp-block-media-text__media\"><img width=\"812\" height=\"1024\" class=\"wp-image-271629 size-full\" src=\"https:\/\/westbc.eu\/ro\/wp-content\/uploads\/2022\/07\/23-01-812x1024.jpg\" alt=\"\" srcset=\"https:\/\/westbc.eu\/ro\/wp-content\/uploads\/2022\/07\/23-01-812x1024.jpg 812w, https:\/\/westbc.eu\/ro\/wp-content\/uploads\/2022\/07\/23-01-238x300.jpg 238w, https:\/\/westbc.eu\/ro\/wp-content\/uploads\/2022\/07\/23-01-768x969.jpg 768w, https:\/\/westbc.eu\/ro\/wp-content\/uploads\/2022\/07\/23-01-1218x1536.jpg 1218w, https:\/\/westbc.eu\/ro\/wp-content\/uploads\/2022\/07\/23-01-58x72.jpg 58w, https:\/\/westbc.eu\/ro\/wp-content\/uploads\/2022\/07\/23-01-262x330.jpg 262w, https:\/\/westbc.eu\/ro\/wp-content\/uploads\/2022\/07\/23-01-555x700.jpg 555w, https:\/\/westbc.eu\/ro\/wp-content\/uploads\/2022\/07\/23-01.jpg 1305w\" sizes=\"(max-width: 812px) 100vw, 812px\" \/><\/figure>\n<div class=\"wp-block-media-text__content\">\n<figure class=\"wp-block-image size-large is-resized\"><a href=\"https:\/\/westbc.eu\/ro\/wp-content\/uploads\/2022\/07\/25-01-1.jpg\"><img class=\"wp-image-271633\" src=\"https:\/\/westbc.eu\/ro\/wp-content\/uploads\/2022\/07\/25-01-1-1024x684.jpg\" alt=\"\" width=\"344\" height=\"229\" srcset=\"https:\/\/westbc.eu\/ro\/wp-content\/uploads\/2022\/07\/25-01-1-1024x684.jpg 1024w, https:\/\/westbc.eu\/ro\/wp-content\/uploads\/2022\/07\/25-01-1-300x200.jpg 300w, https:\/\/westbc.eu\/ro\/wp-content\/uploads\/2022\/07\/25-01-1-768x513.jpg 768w, https:\/\/westbc.eu\/ro\/wp-content\/uploads\/2022\/07\/25-01-1-1536x1026.jpg 1536w, https:\/\/westbc.eu\/ro\/wp-content\/uploads\/2022\/07\/25-01-1-2048x1369.jpg 2048w, https:\/\/westbc.eu\/ro\/wp-content\/uploads\/2022\/07\/25-01-1-750x500.jpg 750w, https:\/\/westbc.eu\/ro\/wp-content\/uploads\/2022\/07\/25-01-1-262x175.jpg 262w, https:\/\/westbc.eu\/ro\/wp-content\/uploads\/2022\/07\/25-01-1-555x371.jpg 555w\" sizes=\"(max-width: 344px) 100vw, 344px\" \/><\/a><\/figure>\n<p><strong style=\"font-size: 16px;\">Portofoliul companiei include produse de calitate ale unor m\u0103rci celebre precum Comeo Porte, Colombo, Protect, Convex, Comit, Cortellezzi Primo, Geze, Buonelle, Bruno Lock, RDA.\u00a0<\/strong><\/p>\n<\/div>\n<div class=\"wp-block-media-text__content\">\u00a0<\/div>\n<\/div>\n<p><!-- \/wp:paragraph -->\n\n<!-- wp:separator {\"backgroundColor\":\"vivid-red\"} --><\/p>\n<hr class=\"wp-block-separator has-text-color has-vivid-red-color has-alpha-channel-opacity has-vivid-red-background-color has-background\" \/>\n<p><!-- \/wp:separator -->\n\n<!-- wp:group {\"layout\":{\"type\":\"flex\",\"flexWrap\":\"nowrap\"}} --><\/p>\n<div class=\"wp-block-group\">\n<p><!-- wp:paragraph {\"align\":\"left\",\"style\":{\"typography\":{\"fontSize\":\"16px\"}}} --><\/p>\n<p class=\"has-text-align-left\" style=\"font-size: 16px;\">\u00cen fiecare an particip\u0103m la numeroase expozi\u021bii de specialitate din \u00eentreaga lume. Angaja\u021bii no\u0219tri lucreaz\u0103 zilnic pentru a promova brandurile \u0219i m\u0103rcile comerciale ale companiei, sus\u021bin\u00e2nd prezent\u0103ri \u0219i \u00eemp\u0103rt\u0103\u0219ind cuno\u0219tin\u021bele lor cu reprezentan\u021bii partenerilor no\u0219tri, demonstr\u00e2nd \u00een mod clar avantajele competitive, caracteristicile tehnice \u0219i beneficiile.<\/p>\n<p><!-- \/wp:paragraph -->\n\n<!-- wp:paragraph {\"align\":\"left\",\"style\":{\"typography\":{\"fontSize\":\"16px\"}}} --><\/p>\n<p class=\"has-text-align-left\" style=\"font-size: 16px;\"><strong>COMPLEXE DE DEPOZITARE MODERNE<\/strong> cu procese automatizate, planificare comun\u0103 \u0219i logistic\u0103 proprie garanteaz\u0103 clien\u021bilor no\u0219tri livrarea la timp. Iar orientarea c\u0103tre client, ca dorin\u021b\u0103 de a dep\u0103\u0219i a\u0219tept\u0103rile clien\u021bilor, a devenit cultura noastr\u0103 corporativ\u0103.<\/p>\n<p><!-- \/wp:paragraph --><\/p>\n<\/div>\n<p><!-- \/wp:group -->\n\n<!-- wp:separator {\"backgroundColor\":\"vivid-red\"} --><\/p>\n<hr class=\"wp-block-separator has-text-color has-vivid-red-color has-alpha-channel-opacity has-vivid-red-background-color has-background\" \/>\n<p><!-- \/wp:separator -->\n\n<!-- wp:paragraph {\"style\":{\"typography\":{\"fontSize\":\"16px\"}}} --><\/p>\n<p style=\"font-size: 16px;\">Suntem bucuro\u0219i c\u0103, odat\u0103 ce ne-am \u00eent\u00e2lnit pe calea \u00eembun\u0103t\u0103\u021birii produselor, am creat noi oportunit\u0103\u021bi, folosind standarde interna\u021bionale \u00eenalte, solu\u021bii inovatoare, precum \u0219i cea mai bun\u0103 experien\u021b\u0103 mondial\u0103 \u00een integrarea accesoriilor celor mai bune m\u0103rci europene \u00een fiecare cas\u0103.<\/p>\n<p><!-- \/wp:paragraph -->\n\n<!-- wp:paragraph {\"align\":\"center\",\"fontSize\":\"medium\"} --><\/p>\n<p class=\"has-text-align-center has-medium-font-size\"><strong>NOI URM\u0102M ACEEA\u0218I CALE \u0218I NE TRANSFORM\u0102M CA S\u0102 \u00ceNVINGEM.<\/strong><\/p>\n<p><!-- \/wp:paragraph --><\/p>\t\t\t\t\t\t<\/div>\n\t\t\t\t<\/div>\n\t\t\t\t\t<\/div>\n\t\t<\/div>\n\t\t\t\t\t<\/div>\n\t\t<\/section>\n\t\t\t\t<\/div>\n\t\t","protected":false},"excerpt":{"rendered":"<p>Compania \u201eWEST BUSINESS COMPANY\u201d \u0219i-a \u00eenceput activitatea prin c\u0103utarea de experimente \u00eendr\u0103zne\u021be \u0219i de calitate, solu\u021bii de afaceri de succes \u0219i o gam\u0103 de produse atent selectat\u0103. Suntem m\u00e2ndri s\u0103 spunem c\u0103 am creat un portofoliu de m\u0103rci puternice \u0219i nu am l\u0103sat \u00een urm\u0103 nicio tehnologie care a devenit o tendin\u021b\u0103 timp de decenii. [&hellip;]<\/p>\n","protected":false},"author":2,"featured_media":0,"parent":0,"menu_order":0,"comment_status":"closed","ping_status":"closed","template":"","meta":{"inline_featured_image":false,"pgc_sgb_lightbox_settings":""},"acf":[],"_links":{"self":[{"href":"https:\/\/westbc.eu\/ro\/wp-json\/wp\/v2\/pages\/241341"}],"collection":[{"href":"https:\/\/westbc.eu\/ro\/wp-json\/wp\/v2\/pages"}],"about":[{"href":"https:\/\/westbc.eu\/ro\/wp-json\/wp\/v2\/types\/page"}],"author":[{"embeddable":true,"href":"https:\/\/westbc.eu\/ro\/wp-json\/wp\/v2\/users\/2"}],"replies":[{"embeddable":true,"href":"https:\/\/westbc.eu\/ro\/wp-json\/wp\/v2\/comments?post=241341"}],"version-history":[{"count":43,"href":"https:\/\/westbc.eu\/ro\/wp-json\/wp\/v2\/pages\/241341\/revisions"}],"predecessor-version":[{"id":287840,"href":"https:\/\/westbc.eu\/ro\/wp-json\/wp\/v2\/pages\/241341\/revisions\/287840"}],"wp:attachment":[{"href":"https:\/\/westbc.eu\/ro\/wp-json\/wp\/v2\/media?parent=241341"}],"curies":[{"name":"wp","href":"https:\/\/api.w.org\/{rel}","templated":true}]}}