{"id":285439,"date":"2025-02-11T00:15:17","date_gmt":"2025-02-10T13:45:17","guid":{"rendered":"https:\/\/westbc.eu\/pl\/product\/overlay-key-zolty\/"},"modified":"2025-11-13T22:25:10","modified_gmt":"2025-11-13T11:55:10","slug":"overlay-key-zolty","status":"publish","type":"product","link":"https:\/\/westbc.eu\/pl\/product\/overlay-key-zolty\/","title":{"rendered":"Overlay key \u017b\u00f3\u0142ty"},"content":{"rendered":"","protected":false},"excerpt":{"rendered":"","protected":false},"featured_media":285085,"template":"","meta":{"inline_featured_image":false,"pgc_sgb_lightbox_settings":""},"product_cat":[5692],"product_tag":[],"acf":[],"_links":{"self":[{"href":"https:\/\/westbc.eu\/pl\/wp-json\/wp\/v2\/product\/285439"}],"collection":[{"href":"https:\/\/westbc.eu\/pl\/wp-json\/wp\/v2\/product"}],"about":[{"href":"https:\/\/westbc.eu\/pl\/wp-json\/wp\/v2\/types\/product"}],"wp:featuredmedia":[{"embeddable":true,"href":"https:\/\/westbc.eu\/pl\/wp-json\/wp\/v2\/media\/285085"}],"wp:attachment":[{"href":"https:\/\/westbc.eu\/pl\/wp-json\/wp\/v2\/media?parent=285439"}],"wp:term":[{"taxonomy":"product_cat","embeddable":true,"href":"https:\/\/westbc.eu\/pl\/wp-json\/wp\/v2\/product_cat?post=285439"},{"taxonomy":"product_tag","embeddable":true,"href":"https:\/\/westbc.eu\/pl\/wp-json\/wp\/v2\/product_tag?post=285439"}],"curies":[{"name":"wp","href":"https:\/\/api.w.org\/{rel}","templated":true}]}}