{"id":286120,"date":"2025-02-11T18:56:48","date_gmt":"2025-02-11T08:26:48","guid":{"rendered":"https:\/\/westbc.eu\/cz\/?post_type=product&#038;p=286120"},"modified":"2025-11-14T05:38:17","modified_gmt":"2025-11-13T19:08:17","slug":"cylinde-rda-35-35mm-english-key-70mm-3-key-chrome-lesteny-chrom","status":"publish","type":"product","link":"https:\/\/westbc.eu\/cz\/product\/cylinde-rda-35-35mm-english-key-70mm-3-key-chrome-lesteny-chrom\/","title":{"rendered":"Cylinde RDA 35\/35mm english key 70mm 3 key chrome Le\u0161t\u011bn\u00fd chrom"},"content":{"rendered":"","protected":false},"excerpt":{"rendered":"","protected":false},"featured_media":285577,"template":"","meta":{"inline_featured_image":false,"pgc_sgb_lightbox_settings":""},"product_cat":[5704],"product_tag":[],"acf":[],"_links":{"self":[{"href":"https:\/\/westbc.eu\/cz\/wp-json\/wp\/v2\/product\/286120"}],"collection":[{"href":"https:\/\/westbc.eu\/cz\/wp-json\/wp\/v2\/product"}],"about":[{"href":"https:\/\/westbc.eu\/cz\/wp-json\/wp\/v2\/types\/product"}],"wp:featuredmedia":[{"embeddable":true,"href":"https:\/\/westbc.eu\/cz\/wp-json\/wp\/v2\/media\/285577"}],"wp:attachment":[{"href":"https:\/\/westbc.eu\/cz\/wp-json\/wp\/v2\/media?parent=286120"}],"wp:term":[{"taxonomy":"product_cat","embeddable":true,"href":"https:\/\/westbc.eu\/cz\/wp-json\/wp\/v2\/product_cat?post=286120"},{"taxonomy":"product_tag","embeddable":true,"href":"https:\/\/westbc.eu\/cz\/wp-json\/wp\/v2\/product_tag?post=286120"}],"curies":[{"name":"wp","href":"https:\/\/api.w.org\/{rel}","templated":true}]}}