{"id":286073,"date":"2025-02-11T18:56:31","date_gmt":"2025-02-11T08:26:31","guid":{"rendered":"https:\/\/westbc.eu\/cz\/?post_type=product&#038;p=286073"},"modified":"2025-11-14T05:38:11","modified_gmt":"2025-11-13T19:08:11","slug":"cylinder-cortellezzi-primo-116-35x35-key-key-lesteny-chrom","status":"publish","type":"product","link":"https:\/\/westbc.eu\/cz\/product\/cylinder-cortellezzi-primo-116-35x35-key-key-lesteny-chrom\/","title":{"rendered":"Cylinder Cortellezzi Primo 116 35&#215;35 key\/ key Le\u0161t\u011bn\u00fd chrom"},"content":{"rendered":"","protected":false},"excerpt":{"rendered":"","protected":false},"featured_media":285330,"template":"","meta":{"inline_featured_image":false,"pgc_sgb_lightbox_settings":""},"product_cat":[5704],"product_tag":[],"acf":[],"_links":{"self":[{"href":"https:\/\/westbc.eu\/cz\/wp-json\/wp\/v2\/product\/286073"}],"collection":[{"href":"https:\/\/westbc.eu\/cz\/wp-json\/wp\/v2\/product"}],"about":[{"href":"https:\/\/westbc.eu\/cz\/wp-json\/wp\/v2\/types\/product"}],"wp:featuredmedia":[{"embeddable":true,"href":"https:\/\/westbc.eu\/cz\/wp-json\/wp\/v2\/media\/285330"}],"wp:attachment":[{"href":"https:\/\/westbc.eu\/cz\/wp-json\/wp\/v2\/media?parent=286073"}],"wp:term":[{"taxonomy":"product_cat","embeddable":true,"href":"https:\/\/westbc.eu\/cz\/wp-json\/wp\/v2\/product_cat?post=286073"},{"taxonomy":"product_tag","embeddable":true,"href":"https:\/\/westbc.eu\/cz\/wp-json\/wp\/v2\/product_tag?post=286073"}],"curies":[{"name":"wp","href":"https:\/\/api.w.org\/{rel}","templated":true}]}}