{"id":285812,"date":"2025-02-11T18:55:15","date_gmt":"2025-02-11T08:25:15","guid":{"rendered":"https:\/\/westbc.eu\/cz\/?post_type=product&#038;p=285812"},"modified":"2025-11-14T05:38:01","modified_gmt":"2025-11-13T19:08:01","slug":"comit-handle-novelty-a-rosette-6-mm-lesteny-chrom","status":"publish","type":"product","link":"https:\/\/westbc.eu\/cz\/product\/comit-handle-novelty-a-rosette-6-mm-lesteny-chrom\/","title":{"rendered":"Comit Handle Novelty \u0410 (rosette 6 mm) Le\u0161t\u011bn\u00fd chrom"},"content":{"rendered":"","protected":false},"excerpt":{"rendered":"","protected":false},"featured_media":285381,"template":"","meta":{"inline_featured_image":false,"pgc_sgb_lightbox_settings":""},"product_cat":[5677],"product_tag":[],"acf":[],"_links":{"self":[{"href":"https:\/\/westbc.eu\/cz\/wp-json\/wp\/v2\/product\/285812"}],"collection":[{"href":"https:\/\/westbc.eu\/cz\/wp-json\/wp\/v2\/product"}],"about":[{"href":"https:\/\/westbc.eu\/cz\/wp-json\/wp\/v2\/types\/product"}],"wp:featuredmedia":[{"embeddable":true,"href":"https:\/\/westbc.eu\/cz\/wp-json\/wp\/v2\/media\/285381"}],"wp:attachment":[{"href":"https:\/\/westbc.eu\/cz\/wp-json\/wp\/v2\/media?parent=285812"}],"wp:term":[{"taxonomy":"product_cat","embeddable":true,"href":"https:\/\/westbc.eu\/cz\/wp-json\/wp\/v2\/product_cat?post=285812"},{"taxonomy":"product_tag","embeddable":true,"href":"https:\/\/westbc.eu\/cz\/wp-json\/wp\/v2\/product_tag?post=285812"}],"curies":[{"name":"wp","href":"https:\/\/api.w.org\/{rel}","templated":true}]}}