{"id":285790,"date":"2025-02-11T18:55:07","date_gmt":"2025-02-11T08:25:07","guid":{"rendered":"https:\/\/westbc.eu\/cz\/?post_type=product&#038;p=285790"},"modified":"2025-11-14T05:37:56","modified_gmt":"2025-11-13T19:07:56","slug":"handle-rda-fiord-q-rosette-6-mm-lesteny-chrom-2","status":"publish","type":"product","link":"https:\/\/westbc.eu\/cz\/product\/handle-rda-fiord-q-rosette-6-mm-lesteny-chrom-2\/","title":{"rendered":"Handle RDA Fiord Q  (rosette 6 mm) Le\u0161t\u011bn\u00fd chrom"},"content":{"rendered":"","protected":false},"excerpt":{"rendered":"","protected":false},"featured_media":285443,"template":"","meta":{"inline_featured_image":false,"pgc_sgb_lightbox_settings":""},"product_cat":[5677],"product_tag":[],"acf":[],"_links":{"self":[{"href":"https:\/\/westbc.eu\/cz\/wp-json\/wp\/v2\/product\/285790"}],"collection":[{"href":"https:\/\/westbc.eu\/cz\/wp-json\/wp\/v2\/product"}],"about":[{"href":"https:\/\/westbc.eu\/cz\/wp-json\/wp\/v2\/types\/product"}],"wp:featuredmedia":[{"embeddable":true,"href":"https:\/\/westbc.eu\/cz\/wp-json\/wp\/v2\/media\/285443"}],"wp:attachment":[{"href":"https:\/\/westbc.eu\/cz\/wp-json\/wp\/v2\/media?parent=285790"}],"wp:term":[{"taxonomy":"product_cat","embeddable":true,"href":"https:\/\/westbc.eu\/cz\/wp-json\/wp\/v2\/product_cat?post=285790"},{"taxonomy":"product_tag","embeddable":true,"href":"https:\/\/westbc.eu\/cz\/wp-json\/wp\/v2\/product_tag?post=285790"}],"curies":[{"name":"wp","href":"https:\/\/api.w.org\/{rel}","templated":true}]}}