{"id":285750,"date":"2025-02-11T18:54:57","date_gmt":"2025-02-11T08:24:57","guid":{"rendered":"https:\/\/westbc.eu\/cz\/?post_type=product&#038;p=285750"},"modified":"2025-11-14T05:37:51","modified_gmt":"2025-11-13T19:07:51","slug":"handle-colombo-robot-cd-41-50-rosette-mosaz-lestena","status":"publish","type":"product","link":"https:\/\/westbc.eu\/cz\/product\/handle-colombo-robot-cd-41-50-rosette-mosaz-lestena\/","title":{"rendered":"Handle Colombo Robot CD 41  ( 50 rosette) Mosaz le\u0161t\u011bn\u00e1"},"content":{"rendered":"","protected":false},"excerpt":{"rendered":"","protected":false},"featured_media":285155,"template":"","meta":{"inline_featured_image":false,"pgc_sgb_lightbox_settings":""},"product_cat":[5677],"product_tag":[],"acf":[],"_links":{"self":[{"href":"https:\/\/westbc.eu\/cz\/wp-json\/wp\/v2\/product\/285750"}],"collection":[{"href":"https:\/\/westbc.eu\/cz\/wp-json\/wp\/v2\/product"}],"about":[{"href":"https:\/\/westbc.eu\/cz\/wp-json\/wp\/v2\/types\/product"}],"wp:featuredmedia":[{"embeddable":true,"href":"https:\/\/westbc.eu\/cz\/wp-json\/wp\/v2\/media\/285155"}],"wp:attachment":[{"href":"https:\/\/westbc.eu\/cz\/wp-json\/wp\/v2\/media?parent=285750"}],"wp:term":[{"taxonomy":"product_cat","embeddable":true,"href":"https:\/\/westbc.eu\/cz\/wp-json\/wp\/v2\/product_cat?post=285750"},{"taxonomy":"product_tag","embeddable":true,"href":"https:\/\/westbc.eu\/cz\/wp-json\/wp\/v2\/product_tag?post=285750"}],"curies":[{"name":"wp","href":"https:\/\/api.w.org\/{rel}","templated":true}]}}