{"id":285748,"date":"2025-02-11T18:54:57","date_gmt":"2025-02-11T08:24:57","guid":{"rendered":"https:\/\/westbc.eu\/cz\/?post_type=product&#038;p=285748"},"modified":"2025-11-14T05:37:51","modified_gmt":"2025-11-13T19:07:51","slug":"handle-colombo-roboquattro-id-41-lesteny-chrom","status":"publish","type":"product","link":"https:\/\/westbc.eu\/cz\/product\/handle-colombo-roboquattro-id-41-lesteny-chrom\/","title":{"rendered":"Handle Colombo Roboquattro ID 41  Le\u0161t\u011bn\u00fd chrom"},"content":{"rendered":"","protected":false},"excerpt":{"rendered":"","protected":false},"featured_media":285151,"template":"","meta":{"inline_featured_image":false,"pgc_sgb_lightbox_settings":""},"product_cat":[5677],"product_tag":[],"acf":[],"_links":{"self":[{"href":"https:\/\/westbc.eu\/cz\/wp-json\/wp\/v2\/product\/285748"}],"collection":[{"href":"https:\/\/westbc.eu\/cz\/wp-json\/wp\/v2\/product"}],"about":[{"href":"https:\/\/westbc.eu\/cz\/wp-json\/wp\/v2\/types\/product"}],"wp:featuredmedia":[{"embeddable":true,"href":"https:\/\/westbc.eu\/cz\/wp-json\/wp\/v2\/media\/285151"}],"wp:attachment":[{"href":"https:\/\/westbc.eu\/cz\/wp-json\/wp\/v2\/media?parent=285748"}],"wp:term":[{"taxonomy":"product_cat","embeddable":true,"href":"https:\/\/westbc.eu\/cz\/wp-json\/wp\/v2\/product_cat?post=285748"},{"taxonomy":"product_tag","embeddable":true,"href":"https:\/\/westbc.eu\/cz\/wp-json\/wp\/v2\/product_tag?post=285748"}],"curies":[{"name":"wp","href":"https:\/\/api.w.org\/{rel}","templated":true}]}}