{"id":285737,"date":"2025-02-11T18:54:51","date_gmt":"2025-02-11T08:24:51","guid":{"rendered":"https:\/\/westbc.eu\/cz\/?post_type=product&#038;p=285737"},"modified":"2025-11-14T05:37:49","modified_gmt":"2025-11-13T19:07:49","slug":"handle-colombo-roboquattros-id-51-mosaz-lestena","status":"publish","type":"product","link":"https:\/\/westbc.eu\/cz\/product\/handle-colombo-roboquattros-id-51-mosaz-lestena\/","title":{"rendered":"Handle Colombo RoboquattroS ID 51  Mosaz le\u0161t\u011bn\u00e1"},"content":{"rendered":"","protected":false},"excerpt":{"rendered":"","protected":false},"featured_media":285159,"template":"","meta":{"inline_featured_image":false,"pgc_sgb_lightbox_settings":""},"product_cat":[5677],"product_tag":[],"acf":[],"_links":{"self":[{"href":"https:\/\/westbc.eu\/cz\/wp-json\/wp\/v2\/product\/285737"}],"collection":[{"href":"https:\/\/westbc.eu\/cz\/wp-json\/wp\/v2\/product"}],"about":[{"href":"https:\/\/westbc.eu\/cz\/wp-json\/wp\/v2\/types\/product"}],"wp:featuredmedia":[{"embeddable":true,"href":"https:\/\/westbc.eu\/cz\/wp-json\/wp\/v2\/media\/285159"}],"wp:attachment":[{"href":"https:\/\/westbc.eu\/cz\/wp-json\/wp\/v2\/media?parent=285737"}],"wp:term":[{"taxonomy":"product_cat","embeddable":true,"href":"https:\/\/westbc.eu\/cz\/wp-json\/wp\/v2\/product_cat?post=285737"},{"taxonomy":"product_tag","embeddable":true,"href":"https:\/\/westbc.eu\/cz\/wp-json\/wp\/v2\/product_tag?post=285737"}],"curies":[{"name":"wp","href":"https:\/\/api.w.org\/{rel}","templated":true}]}}